{"id":12,"date":"2025-04-23T10:21:18","date_gmt":"2025-04-23T10:21:18","guid":{"rendered":"https:\/\/kivigrupp.ee\/?page_id=12"},"modified":"2025-06-11T08:03:15","modified_gmt":"2025-06-11T08:03:15","slug":"kivi-grupp","status":"publish","type":"page","link":"https:\/\/kivigrupp.ee\/en\/","title":{"rendered":"Kivi Group"},"content":{"rendered":"<div data-elementor-type=\"wp-page\" data-elementor-id=\"12\" class=\"elementor elementor-12\" data-elementor-post-type=\"page\">\n\t\t\t\t<div class=\"elementor-element elementor-element-1d8784a e-flex e-con-boxed e-con e-parent\" data-id=\"1d8784a\" data-element_type=\"container\" data-settings=\"{&quot;background_background&quot;:&quot;video&quot;,&quot;background_video_link&quot;:&quot;https:\\\/\\\/kivigrupp.ee\\\/wp-content\\\/uploads\\\/2025\\\/05\\\/KiviGrupp-video-v2.mp4&quot;,&quot;background_video_start&quot;:7,&quot;background_video_end&quot;:106,&quot;background_play_on_mobile&quot;:&quot;yes&quot;}\">\n\t\t\t\t\t<div class=\"e-con-inner\">\n\t\t<div class=\"elementor-background-video-container\">\n\t\t\t\t\t\t\t<video class=\"elementor-background-video-hosted\" autoplay muted playsinline loop><\/video>\n\t\t\t\t\t<\/div><div class=\"elementor-element elementor-element-8d03119 e-con-full e-flex e-con e-child\" data-id=\"8d03119\" data-element_type=\"container\">\n\t\t<div class=\"elementor-element elementor-element-7f41520 e-con-full e-flex e-con e-child\" data-id=\"7f41520\" data-element_type=\"container\">\n\t\t\t\t<div class=\"elementor-element elementor-element-75f7e3b elementor-widget elementor-widget-heading\" data-id=\"75f7e3b\" data-element_type=\"widget\" data-widget_type=\"heading.default\">\n\t\t\t\t<div class=\"elementor-widget-container\">\n\t\t\t\t\t<h1 class=\"elementor-heading-title elementor-size-default\">\nComplete solutions for industrial equipment<\/h1>\t\t\t\t<\/div>\n\t\t\t\t<\/div>\n\t\t\t\t<div class=\"elementor-element elementor-element-0f77af6 elementor-widget elementor-widget-text-editor\" data-id=\"0f77af6\" data-element_type=\"widget\" data-widget_type=\"text-editor.default\">\n\t\t\t\t<div class=\"elementor-widget-container\">\n\t\t\t\t\t\t\t\t\t<p>We create turnkey solutions tailored exactly to your needs. ISO-certified quality every step of the way, from design to maintenance.<\/p>\t\t\t\t\t\t\t\t<\/div>\n\t\t\t\t<\/div>\n\t\t<div class=\"elementor-element elementor-element-02a815a e-con-full e-flex e-con e-child\" data-id=\"02a815a\" data-element_type=\"container\">\n\t\t\t\t<div class=\"elementor-element elementor-element-802f9b9 nupporanz elementor-widget elementor-widget-button\" data-id=\"802f9b9\" data-element_type=\"widget\" data-widget_type=\"button.default\">\n\t\t\t\t<div class=\"elementor-widget-container\">\n\t\t\t\t\t\t\t\t\t<div class=\"elementor-button-wrapper\">\n\t\t\t\t\t<a class=\"elementor-button elementor-button-link elementor-size-sm\" href=\"https:\/\/kivigrupp.ee\/en\/kontakt\/\">\n\t\t\t\t\t\t<span class=\"elementor-button-content-wrapper\">\n\t\t\t\t\t\t<span class=\"elementor-button-icon\">\n\t\t\t\t<svg xmlns=\"http:\/\/www.w3.org\/2000\/svg\" id=\"Layer_1\" height=\"512\" viewbox=\"0 0 125 125\" width=\"512\" data-name=\"Layer 1\"><path d=\"m105.182 97.82h-85.364a10.477 10.477 0 0 1 -10.465-10.466v-52.72a10.477 10.477 0 0 1 10.465-10.466h85.364a10.477 10.477 0 0 1 10.465 10.466v52.72a10.477 10.477 0 0 1 -10.465 10.466zm-85.364-69.652a6.472 6.472 0 0 0 -6.465 6.466v52.72a6.472 6.472 0 0 0 6.465 6.466h85.364a6.472 6.472 0 0 0 6.465-6.466v-52.72a6.472 6.472 0 0 0 -6.465-6.466z\"><\/path><path d=\"m62.5 72.764a2 2 0 0 1 -1.324-.5l-48.2-42.548 2.647-3 46.877 41.384 46.879-41.379 2.647 3-48.2 42.548a1.994 1.994 0 0 1 -1.326.495z\"><\/path><path d=\"m5.012 72.393h49.061v4h-49.061z\" transform=\"matrix(.66 -.752 .752 .66 -45.859 47.529)\"><\/path><path d=\"m93.454 49.862h4v49.062h-4z\" transform=\"matrix(.752 -.66 .66 .752 -25.361 81.43)\"><\/path><\/svg>\t\t\t<\/span>\n\t\t\t\t\t\t\t\t\t<span class=\"elementor-button-text\">Ask us for a quote<\/span>\n\t\t\t\t\t<\/span>\n\t\t\t\t\t<\/a>\n\t\t\t\t<\/div>\n\t\t\t\t\t\t\t\t<\/div>\n\t\t\t\t<\/div>\n\t\t\t\t<\/div>\n\t\t\t\t<\/div>\n\t\t\t\t<\/div>\n\t\t<div class=\"elementor-element elementor-element-f87cd20 e-con-full e-flex e-con e-child\" data-id=\"f87cd20\" data-element_type=\"container\">\n\t\t\t\t<\/div>\n\t\t\t\t\t<\/div>\n\t\t\t\t<\/div>\n\t\t<div class=\"elementor-element elementor-element-cb9035c e-flex e-con-boxed e-con e-parent\" data-id=\"cb9035c\" data-element_type=\"container\" data-settings=\"{&quot;background_background&quot;:&quot;classic&quot;}\">\n\t\t\t\t\t<div class=\"e-con-inner\">\n\t\t<div class=\"elementor-element elementor-element-50cc474 e-con-full e-flex e-con e-child\" data-id=\"50cc474\" data-element_type=\"container\">\n\t\t\t\t<div class=\"elementor-element elementor-element-0b42e19 elementor-widget elementor-widget-heading\" data-id=\"0b42e19\" data-element_type=\"widget\" data-widget_type=\"heading.default\">\n\t\t\t\t<div class=\"elementor-widget-container\">\n\t\t\t\t\t<h2 class=\"elementor-heading-title elementor-size-default\">We have been a solid partner <br> for over 22 years.<\/h2>\t\t\t\t<\/div>\n\t\t\t\t<\/div>\n\t\t\t\t<div class=\"elementor-element elementor-element-23dbf76 elementor-widget elementor-widget-heading\" data-id=\"23dbf76\" data-element_type=\"widget\" data-widget_type=\"heading.default\">\n\t\t\t\t<div class=\"elementor-widget-container\">\n\t\t\t\t\t<h2 class=\"elementor-heading-title elementor-size-default\">You know your production, we know your equipment and solutions - we work together to make sure you get the result you want.<\/h2>\t\t\t\t<\/div>\n\t\t\t\t<\/div>\n\t\t\t\t<div class=\"elementor-element elementor-element-d982393 elementor-widget elementor-widget-text-editor\" data-id=\"d982393\" data-element_type=\"widget\" data-widget_type=\"text-editor.default\">\n\t\t\t\t<div class=\"elementor-widget-container\">\n\t\t\t\t\t\t\t\t\t<p class=\"\" data-start=\"175\" data-end=\"486\">We don't just sell equipment, we help you solve the real production problems that are preventing you from achieving your business goals.<\/p><p class=\"\" data-start=\"606\" data-end=\"829\">With our experience and technical expertise, we can see the big picture and create complete industrial equipment solutions that are reliable, durable and right for your production. You focus on running your business - we do the rest.<\/p>\t\t\t\t\t\t\t\t<\/div>\n\t\t\t\t<\/div>\n\t\t<div class=\"elementor-element elementor-element-dac14c0 e-con-full e-flex e-con e-child\" data-id=\"dac14c0\" data-element_type=\"container\">\n\t\t\t\t<div class=\"elementor-element elementor-element-b1189ae nupporanz elementor-widget elementor-widget-button\" data-id=\"b1189ae\" data-element_type=\"widget\" data-widget_type=\"button.default\">\n\t\t\t\t<div class=\"elementor-widget-container\">\n\t\t\t\t\t\t\t\t\t<div class=\"elementor-button-wrapper\">\n\t\t\t\t\t<a class=\"elementor-button elementor-button-link elementor-size-sm\" href=\"http:\/\/kontakt\">\n\t\t\t\t\t\t<span class=\"elementor-button-content-wrapper\">\n\t\t\t\t\t\t\t\t\t<span class=\"elementor-button-text\">Contact us<\/span>\n\t\t\t\t\t<\/span>\n\t\t\t\t\t<\/a>\n\t\t\t\t<\/div>\n\t\t\t\t\t\t\t\t<\/div>\n\t\t\t\t<\/div>\n\t\t\t\t<\/div>\n\t\t\t\t<\/div>\n\t\t<div class=\"elementor-element elementor-element-3b9bca9 e-con-full e-flex e-con e-child\" data-id=\"3b9bca9\" data-element_type=\"container\">\n\t\t\t\t<div class=\"elementor-element elementor-element-edbd700 elementor-vertical-align-middle vaartus elementor-widget elementor-widget-icon-box\" data-id=\"edbd700\" data-element_type=\"widget\" data-widget_type=\"icon-box.default\">\n\t\t\t\t<div class=\"elementor-widget-container\">\n\t\t\t\t\t\t\t<div class=\"elementor-icon-box-wrapper\">\n\n\t\t\t\n\t\t\t\t\t\t<div class=\"elementor-icon-box-content\">\n\n\t\t\t\t\t\t\t\t\t<h3 class=\"elementor-icon-box-title\">\n\t\t\t\t\t\t<span  >\n\t\t\t\t\t\t\tReliable quality\t\t\t\t\t\t<\/span>\n\t\t\t\t\t<\/h3>\n\t\t\t\t\n\t\t\t\t\t\t\t\t\t<p class=\"elementor-icon-box-description\">\n\t\t\t\t\t\tISO-compliant equipment that lasts for years, not one season.\t\t\t\t\t<\/p>\n\t\t\t\t\n\t\t\t<\/div>\n\t\t\t\n\t\t<\/div>\n\t\t\t\t\t\t<\/div>\n\t\t\t\t<\/div>\n\t\t\t\t<div class=\"elementor-element elementor-element-3eb367a elementor-vertical-align-middle vaartus elementor-widget elementor-widget-icon-box\" data-id=\"3eb367a\" data-element_type=\"widget\" data-widget_type=\"icon-box.default\">\n\t\t\t\t<div class=\"elementor-widget-container\">\n\t\t\t\t\t\t\t<div class=\"elementor-icon-box-wrapper\">\n\n\t\t\t\n\t\t\t\t\t\t<div class=\"elementor-icon-box-content\">\n\n\t\t\t\t\t\t\t\t\t<h3 class=\"elementor-icon-box-title\">\n\t\t\t\t\t\t<span  >\n\t\t\t\t\t\t\tLong experience\t\t\t\t\t\t<\/span>\n\t\t\t\t\t<\/h3>\n\t\t\t\t\n\t\t\t\t\t\t\t\t\t<p class=\"elementor-icon-box-description\">\n\t\t\t\t\t\tWe know how to anticipate potential problems and concerns and solve them before they arise.\t\t\t\t\t<\/p>\n\t\t\t\t\n\t\t\t<\/div>\n\t\t\t\n\t\t<\/div>\n\t\t\t\t\t\t<\/div>\n\t\t\t\t<\/div>\n\t\t\t\t<div class=\"elementor-element elementor-element-e2c3e21 elementor-vertical-align-middle vaartus elementor-widget elementor-widget-icon-box\" data-id=\"e2c3e21\" data-element_type=\"widget\" data-widget_type=\"icon-box.default\">\n\t\t\t\t<div class=\"elementor-widget-container\">\n\t\t\t\t\t\t\t<div class=\"elementor-icon-box-wrapper\">\n\n\t\t\t\n\t\t\t\t\t\t<div class=\"elementor-icon-box-content\">\n\n\t\t\t\t\t\t\t\t\t<h3 class=\"elementor-icon-box-title\">\n\t\t\t\t\t\t<span  >\n\t\t\t\t\t\t\tTargeted work\t\t\t\t\t\t<\/span>\n\t\t\t\t\t<\/h3>\n\t\t\t\t\n\t\t\t\t\t\t\t\t\t<p class=\"elementor-icon-box-description\">\n\t\t\t\t\t\tWe don't install the equipment, we solve the problem - an attitude that guarantees success and quality.\ncomplete industrial equipment solutions.\t\t\t\t\t<\/p>\n\t\t\t\t\n\t\t\t<\/div>\n\t\t\t\n\t\t<\/div>\n\t\t\t\t\t\t<\/div>\n\t\t\t\t<\/div>\n\t\t\t\t<\/div>\n\t\t\t\t\t<\/div>\n\t\t\t\t<\/div>\n\t\t<div class=\"elementor-element elementor-element-7d765d8 e-flex e-con-boxed e-con e-parent\" data-id=\"7d765d8\" data-element_type=\"container\" data-settings=\"{&quot;background_background&quot;:&quot;classic&quot;}\">\n\t\t\t\t\t<div class=\"e-con-inner\">\n\t\t<div class=\"elementor-element elementor-element-34ddb8f e-con-full e-flex e-con e-child\" data-id=\"34ddb8f\" data-element_type=\"container\" data-settings=\"{&quot;background_background&quot;:&quot;classic&quot;}\">\n\t\t\t\t<div class=\"elementor-element elementor-element-9976857 elementor-widget elementor-widget-counter\" data-id=\"9976857\" data-element_type=\"widget\" data-widget_type=\"counter.default\">\n\t\t\t\t<div class=\"elementor-widget-container\">\n\t\t\t\t\t\t\t<div class=\"elementor-counter\">\n\t\t\t<div class=\"elementor-counter-title\">Years on the market <\/div>\t\t\t<div class=\"elementor-counter-number-wrapper\">\n\t\t\t\t<span class=\"elementor-counter-number-prefix\"><\/span>\n\t\t\t\t<span class=\"elementor-counter-number\" data-duration=\"2000\" data-to-value=\"22\" data-from-value=\"0\" data-delimiter=\",\">0<\/span>\n\t\t\t\t<span class=\"elementor-counter-number-suffix\"><\/span>\n\t\t\t<\/div>\n\t\t<\/div>\n\t\t\t\t\t\t<\/div>\n\t\t\t\t<\/div>\n\t\t\t\t<\/div>\n\t\t<div class=\"elementor-element elementor-element-43b3b67 e-con-full e-flex e-con e-child\" data-id=\"43b3b67\" data-element_type=\"container\" data-settings=\"{&quot;background_background&quot;:&quot;classic&quot;}\">\n\t\t\t\t<div class=\"elementor-element elementor-element-758f931 elementor-widget elementor-widget-counter\" data-id=\"758f931\" data-element_type=\"widget\" data-widget_type=\"counter.default\">\n\t\t\t\t<div class=\"elementor-widget-container\">\n\t\t\t\t\t\t\t<div class=\"elementor-counter\">\n\t\t\t<div class=\"elementor-counter-title\">Successful projects<\/div>\t\t\t<div class=\"elementor-counter-number-wrapper\">\n\t\t\t\t<span class=\"elementor-counter-number-prefix\"><\/span>\n\t\t\t\t<span class=\"elementor-counter-number\" data-duration=\"2000\" data-to-value=\"60\" data-from-value=\"0\" data-delimiter=\",\">0<\/span>\n\t\t\t\t<span class=\"elementor-counter-number-suffix\">+<\/span>\n\t\t\t<\/div>\n\t\t<\/div>\n\t\t\t\t\t\t<\/div>\n\t\t\t\t<\/div>\n\t\t\t\t<\/div>\n\t\t<div class=\"elementor-element elementor-element-b409360 e-con-full e-flex e-con e-child\" data-id=\"b409360\" data-element_type=\"container\" data-settings=\"{&quot;background_background&quot;:&quot;classic&quot;}\">\n\t\t\t\t<div class=\"elementor-element elementor-element-9b905b3 elementor-widget elementor-widget-counter\" data-id=\"9b905b3\" data-element_type=\"widget\" data-widget_type=\"counter.default\">\n\t\t\t\t<div class=\"elementor-widget-container\">\n\t\t\t\t\t\t\t<div class=\"elementor-counter\">\n\t\t\t<div class=\"elementor-counter-title\">Brands represented<\/div>\t\t\t<div class=\"elementor-counter-number-wrapper\">\n\t\t\t\t<span class=\"elementor-counter-number-prefix\"><\/span>\n\t\t\t\t<span class=\"elementor-counter-number\" data-duration=\"2000\" data-to-value=\"31\" data-from-value=\"0\" data-delimiter=\",\">0<\/span>\n\t\t\t\t<span class=\"elementor-counter-number-suffix\">+<\/span>\n\t\t\t<\/div>\n\t\t<\/div>\n\t\t\t\t\t\t<\/div>\n\t\t\t\t<\/div>\n\t\t\t\t<\/div>\n\t\t\t\t\t<\/div>\n\t\t\t\t<\/div>\n\t\t<div class=\"elementor-element elementor-element-28796bf e-flex e-con-boxed e-con e-parent\" data-id=\"28796bf\" data-element_type=\"container\">\n\t\t\t\t\t<div class=\"e-con-inner\">\n\t\t<div class=\"elementor-element elementor-element-2820701 e-con-full e-flex e-con e-child\" data-id=\"2820701\" data-element_type=\"container\">\n\t\t\t\t<div class=\"elementor-element elementor-element-4ee5885 elementor-widget elementor-widget-image\" data-id=\"4ee5885\" data-element_type=\"widget\" data-widget_type=\"image.default\">\n\t\t\t\t<div class=\"elementor-widget-container\">\n\t\t\t\t\t\t\t\t\t\t\t\t\t\t\t<img fetchpriority=\"high\" decoding=\"async\" width=\"800\" height=\"450\" src=\"https:\/\/kivigrupp.ee\/wp-content\/uploads\/2025\/04\/DSC_3855-1-1024x576.jpg\" class=\"attachment-large size-large wp-image-19\" alt=\"\" srcset=\"https:\/\/kivigrupp.ee\/wp-content\/uploads\/2025\/04\/DSC_3855-1-1024x576.jpg 1024w, https:\/\/kivigrupp.ee\/wp-content\/uploads\/2025\/04\/DSC_3855-1-300x169.jpg 300w, https:\/\/kivigrupp.ee\/wp-content\/uploads\/2025\/04\/DSC_3855-1-768x432.jpg 768w, https:\/\/kivigrupp.ee\/wp-content\/uploads\/2025\/04\/DSC_3855-1-1536x864.jpg 1536w, https:\/\/kivigrupp.ee\/wp-content\/uploads\/2025\/04\/DSC_3855-1-2048x1152.jpg 2048w\" sizes=\"(max-width: 800px) 100vw, 800px\" \/>\t\t\t\t\t\t\t\t\t\t\t\t\t\t\t<\/div>\n\t\t\t\t<\/div>\n\t\t\t\t<\/div>\n\t\t<div class=\"elementor-element elementor-element-f47643b e-con-full e-flex e-con e-child\" data-id=\"f47643b\" data-element_type=\"container\">\n\t\t<div class=\"elementor-element elementor-element-bf10451 e-con-full e-flex e-con e-child\" data-id=\"bf10451\" data-element_type=\"container\">\n\t\t\t\t<div class=\"elementor-element elementor-element-265660b elementor-widget elementor-widget-heading\" data-id=\"265660b\" data-element_type=\"widget\" data-widget_type=\"heading.default\">\n\t\t\t\t<div class=\"elementor-widget-container\">\n\t\t\t\t\t<h2 class=\"elementor-heading-title elementor-size-default\">Our mission<\/h2>\t\t\t\t<\/div>\n\t\t\t\t<\/div>\n\t\t\t\t<div class=\"elementor-element elementor-element-69c0592 elementor-widget elementor-widget-text-editor\" data-id=\"69c0592\" data-element_type=\"widget\" data-widget_type=\"text-editor.default\">\n\t\t\t\t<div class=\"elementor-widget-container\">\n\t\t\t\t\t\t\t\t\t<p class=\"\" data-start=\"175\" data-end=\"486\">To help industrial companies achieve greater efficiency and reliability in production by providing complete, well thought-out, durable and quality-based engineering solutions - from equipment selection to installation and maintenance.<\/p>\t\t\t\t\t\t\t\t<\/div>\n\t\t\t\t<\/div>\n\t\t\t\t<\/div>\n\t\t\t\t<div class=\"elementor-element elementor-element-3a19851 elementor-widget-divider--view-line elementor-widget elementor-widget-divider\" data-id=\"3a19851\" data-element_type=\"widget\" data-widget_type=\"divider.default\">\n\t\t\t\t<div class=\"elementor-widget-container\">\n\t\t\t\t\t\t\t<div class=\"elementor-divider\">\n\t\t\t<span class=\"elementor-divider-separator\">\n\t\t\t\t\t\t<\/span>\n\t\t<\/div>\n\t\t\t\t\t\t<\/div>\n\t\t\t\t<\/div>\n\t\t<div class=\"elementor-element elementor-element-a598e4f e-con-full e-flex e-con e-child\" data-id=\"a598e4f\" data-element_type=\"container\">\n\t\t\t\t<div class=\"elementor-element elementor-element-4354120 elementor-widget elementor-widget-heading\" data-id=\"4354120\" data-element_type=\"widget\" data-widget_type=\"heading.default\">\n\t\t\t\t<div class=\"elementor-widget-container\">\n\t\t\t\t\t<h2 class=\"elementor-heading-title elementor-size-default\">Our vision<\/h2>\t\t\t\t<\/div>\n\t\t\t\t<\/div>\n\t\t\t\t<div class=\"elementor-element elementor-element-5f271b7 elementor-widget elementor-widget-text-editor\" data-id=\"5f271b7\" data-element_type=\"widget\" data-widget_type=\"text-editor.default\">\n\t\t\t\t<div class=\"elementor-widget-container\">\n\t\t\t\t\t\t\t\t\t<p class=\"\" data-start=\"175\" data-end=\"486\">To continue to be a recognised industrial partner throughout the Baltics, trusted to solve complex manufacturing problems thanks to technical expertise, a flexible approach and consistent quality.<\/p>\t\t\t\t\t\t\t\t<\/div>\n\t\t\t\t<\/div>\n\t\t\t\t<\/div>\n\t\t\t\t<\/div>\n\t\t\t\t\t<\/div>\n\t\t\t\t<\/div>\n\t\t<div class=\"elementor-element elementor-element-563acf6 e-flex e-con-boxed e-con e-parent\" data-id=\"563acf6\" data-element_type=\"container\">\n\t\t\t\t\t<div class=\"e-con-inner\">\n\t\t\t\t\t<\/div>\n\t\t\t\t<\/div>\n\t\t\t\t<\/div>","protected":false},"excerpt":{"rendered":"<p>Turnkey solutions for industrial equipment We create turnkey solutions tailored exactly to your needs. ISO-certified quality every step of the way, from design to maintenance. Ask us for a quote We've been a trusted partner for over a year. You know your production, we know your equipment and solutions - we work together to ensure a reliable result. We don't just sell equipment, we help solve real production problems that prevent [...]<\/p>","protected":false},"author":1,"featured_media":0,"parent":0,"menu_order":0,"comment_status":"closed","ping_status":"closed","template":"","meta":{"_acf_changed":false,"footnotes":""},"class_list":["post-12","page","type-page","status-publish","hentry"],"acf":[],"yoast_head":"<!-- This site is optimized with the Yoast SEO plugin v25.5 - https:\/\/yoast.com\/wordpress\/plugins\/seo\/ -->\n<title>T\u00f6\u00f6stuslike seadmete terviklahendused | Kivi Grupp<\/title>\n<meta name=\"description\" content=\"Loome v\u00f5tmed-k\u00e4tte t\u00e4islahendusi vastavalt sinu vajadustele. ISO-sertifitseeritud kvaliteet igal sammul \u2013 projekteerimisest hoolduseni.\" \/>\n<meta name=\"robots\" content=\"index, follow, max-snippet:-1, max-image-preview:large, max-video-preview:-1\" \/>\n<link rel=\"canonical\" href=\"https:\/\/www.kivigrupp.ee\/\" \/>\n<meta property=\"og:locale\" content=\"en_GB\" \/>\n<meta property=\"og:type\" content=\"article\" \/>\n<meta property=\"og:title\" content=\"T\u00f6\u00f6stuslike seadmete terviklahendused | Kivi Grupp\" \/>\n<meta property=\"og:description\" content=\"Loome v\u00f5tmed-k\u00e4tte t\u00e4islahendusi vastavalt sinu vajadustele. ISO-sertifitseeritud kvaliteet igal sammul \u2013 projekteerimisest hoolduseni.\" \/>\n<meta property=\"og:url\" content=\"https:\/\/www.kivigrupp.ee\/\" \/>\n<meta property=\"og:site_name\" content=\"Kivi Grupp\" \/>\n<meta property=\"article:modified_time\" content=\"2025-06-11T08:03:15+00:00\" \/>\n<meta property=\"og:image\" content=\"https:\/\/kivigrupp.ee\/wp-content\/uploads\/2025\/04\/DSC_3855-1-1024x576.jpg\" \/>\n<meta name=\"twitter:card\" content=\"summary_large_image\" \/>\n<meta name=\"twitter:label1\" content=\"Estimated reading time\" \/>\n\t<meta name=\"twitter:data1\" content=\"1 minute\" \/>\n<script type=\"application\/ld+json\" class=\"yoast-schema-graph\">{\"@context\":\"https:\/\/schema.org\",\"@graph\":[{\"@type\":\"WebPage\",\"@id\":\"https:\/\/www.kivigrupp.ee\/\",\"url\":\"https:\/\/www.kivigrupp.ee\/\",\"name\":\"T\u00f6\u00f6stuslike seadmete terviklahendused | Kivi Grupp\",\"isPartOf\":{\"@id\":\"https:\/\/kivigrupp.ee\/#website\"},\"primaryImageOfPage\":{\"@id\":\"https:\/\/www.kivigrupp.ee\/#primaryimage\"},\"image\":{\"@id\":\"https:\/\/www.kivigrupp.ee\/#primaryimage\"},\"thumbnailUrl\":\"https:\/\/kivigrupp.ee\/wp-content\/uploads\/2025\/04\/DSC_3855-1-1024x576.jpg\",\"datePublished\":\"2025-04-23T10:21:18+00:00\",\"dateModified\":\"2025-06-11T08:03:15+00:00\",\"description\":\"Loome v\u00f5tmed-k\u00e4tte t\u00e4islahendusi vastavalt sinu vajadustele. ISO-sertifitseeritud kvaliteet igal sammul \u2013 projekteerimisest hoolduseni.\",\"breadcrumb\":{\"@id\":\"https:\/\/www.kivigrupp.ee\/#breadcrumb\"},\"inLanguage\":\"en-GB\",\"potentialAction\":[{\"@type\":\"ReadAction\",\"target\":[\"https:\/\/www.kivigrupp.ee\/\"]}]},{\"@type\":\"ImageObject\",\"inLanguage\":\"en-GB\",\"@id\":\"https:\/\/www.kivigrupp.ee\/#primaryimage\",\"url\":\"https:\/\/kivigrupp.ee\/wp-content\/uploads\/2025\/04\/DSC_3855-1-1024x576.jpg\",\"contentUrl\":\"https:\/\/kivigrupp.ee\/wp-content\/uploads\/2025\/04\/DSC_3855-1-1024x576.jpg\"},{\"@type\":\"BreadcrumbList\",\"@id\":\"https:\/\/www.kivigrupp.ee\/#breadcrumb\",\"itemListElement\":[{\"@type\":\"ListItem\",\"position\":1,\"name\":\"Home\",\"item\":\"https:\/\/www.kivigrupp.ee\/\"},{\"@type\":\"ListItem\",\"position\":2,\"name\":\"Kivi Grupp\"}]},{\"@type\":\"WebSite\",\"@id\":\"https:\/\/kivigrupp.ee\/#website\",\"url\":\"https:\/\/kivigrupp.ee\/\",\"name\":\"Kivi Grupp\",\"description\":\"T&ouml;&ouml;stuslike seadmete terviklahendused\",\"publisher\":{\"@id\":\"https:\/\/kivigrupp.ee\/#organization\"},\"potentialAction\":[{\"@type\":\"SearchAction\",\"target\":{\"@type\":\"EntryPoint\",\"urlTemplate\":\"https:\/\/kivigrupp.ee\/?s={search_term_string}\"},\"query-input\":{\"@type\":\"PropertyValueSpecification\",\"valueRequired\":true,\"valueName\":\"search_term_string\"}}],\"inLanguage\":\"en-GB\"},{\"@type\":\"Organization\",\"@id\":\"https:\/\/kivigrupp.ee\/#organization\",\"name\":\"Kivi Grupp\",\"url\":\"https:\/\/kivigrupp.ee\/\",\"logo\":{\"@type\":\"ImageObject\",\"inLanguage\":\"en-GB\",\"@id\":\"https:\/\/kivigrupp.ee\/#\/schema\/logo\/image\/\",\"url\":\"https:\/\/kivigrupp.ee\/wp-content\/uploads\/2025\/05\/cropped-kivigruppicon.webp\",\"contentUrl\":\"https:\/\/kivigrupp.ee\/wp-content\/uploads\/2025\/05\/cropped-kivigruppicon.webp\",\"width\":512,\"height\":512,\"caption\":\"Kivi Grupp\"},\"image\":{\"@id\":\"https:\/\/kivigrupp.ee\/#\/schema\/logo\/image\/\"}}]}<\/script>\n<!-- \/ Yoast SEO plugin. -->","yoast_head_json":{"title":"Complete solutions for industrial equipment | Kivi Grupp","description":"We create turnkey solutions tailored to your needs. ISO-certified quality every step of the way - from design to maintenance.","robots":{"index":"index","follow":"follow","max-snippet":"max-snippet:-1","max-image-preview":"max-image-preview:large","max-video-preview":"max-video-preview:-1"},"canonical":"https:\/\/www.kivigrupp.ee\/","og_locale":"en_GB","og_type":"article","og_title":"T\u00f6\u00f6stuslike seadmete terviklahendused | Kivi Grupp","og_description":"Loome v\u00f5tmed-k\u00e4tte t\u00e4islahendusi vastavalt sinu vajadustele. ISO-sertifitseeritud kvaliteet igal sammul \u2013 projekteerimisest hoolduseni.","og_url":"https:\/\/www.kivigrupp.ee\/","og_site_name":"Kivi Grupp","article_modified_time":"2025-06-11T08:03:15+00:00","og_image":[{"url":"https:\/\/kivigrupp.ee\/wp-content\/uploads\/2025\/04\/DSC_3855-1-1024x576.jpg","type":"","width":"","height":""}],"twitter_card":"summary_large_image","twitter_misc":{"Estimated reading time":"1 minute"},"schema":{"@context":"https:\/\/schema.org","@graph":[{"@type":"WebPage","@id":"https:\/\/www.kivigrupp.ee\/","url":"https:\/\/www.kivigrupp.ee\/","name":"Complete solutions for industrial equipment | Kivi Grupp","isPartOf":{"@id":"https:\/\/kivigrupp.ee\/#website"},"primaryImageOfPage":{"@id":"https:\/\/www.kivigrupp.ee\/#primaryimage"},"image":{"@id":"https:\/\/www.kivigrupp.ee\/#primaryimage"},"thumbnailUrl":"https:\/\/kivigrupp.ee\/wp-content\/uploads\/2025\/04\/DSC_3855-1-1024x576.jpg","datePublished":"2025-04-23T10:21:18+00:00","dateModified":"2025-06-11T08:03:15+00:00","description":"We create turnkey solutions tailored to your needs. ISO-certified quality every step of the way - from design to maintenance.","breadcrumb":{"@id":"https:\/\/www.kivigrupp.ee\/#breadcrumb"},"inLanguage":"en-GB","potentialAction":[{"@type":"ReadAction","target":["https:\/\/www.kivigrupp.ee\/"]}]},{"@type":"ImageObject","inLanguage":"en-GB","@id":"https:\/\/www.kivigrupp.ee\/#primaryimage","url":"https:\/\/kivigrupp.ee\/wp-content\/uploads\/2025\/04\/DSC_3855-1-1024x576.jpg","contentUrl":"https:\/\/kivigrupp.ee\/wp-content\/uploads\/2025\/04\/DSC_3855-1-1024x576.jpg"},{"@type":"BreadcrumbList","@id":"https:\/\/www.kivigrupp.ee\/#breadcrumb","itemListElement":[{"@type":"ListItem","position":1,"name":"Home","item":"https:\/\/www.kivigrupp.ee\/"},{"@type":"ListItem","position":2,"name":"Kivi Grupp"}]},{"@type":"WebSite","@id":"https:\/\/kivigrupp.ee\/#website","url":"https:\/\/kivigrupp.ee\/","name":"Kivi Group","description":"Complete solutions for industrial equipment","publisher":{"@id":"https:\/\/kivigrupp.ee\/#organization"},"potentialAction":[{"@type":"SearchAction","target":{"@type":"EntryPoint","urlTemplate":"https:\/\/kivigrupp.ee\/?s={search_term_string}"},"query-input":{"@type":"PropertyValueSpecification","valueRequired":true,"valueName":"search_term_string"}}],"inLanguage":"en-GB"},{"@type":"Organization","@id":"https:\/\/kivigrupp.ee\/#organization","name":"Kivi Group","url":"https:\/\/kivigrupp.ee\/","logo":{"@type":"ImageObject","inLanguage":"en-GB","@id":"https:\/\/kivigrupp.ee\/#\/schema\/logo\/image\/","url":"https:\/\/kivigrupp.ee\/wp-content\/uploads\/2025\/05\/cropped-kivigruppicon.webp","contentUrl":"https:\/\/kivigrupp.ee\/wp-content\/uploads\/2025\/05\/cropped-kivigruppicon.webp","width":512,"height":512,"caption":"Kivi Grupp"},"image":{"@id":"https:\/\/kivigrupp.ee\/#\/schema\/logo\/image\/"}}]}},"_links":{"self":[{"href":"https:\/\/kivigrupp.ee\/en\/wp-json\/wp\/v2\/pages\/12","targetHints":{"allow":["GET"]}}],"collection":[{"href":"https:\/\/kivigrupp.ee\/en\/wp-json\/wp\/v2\/pages"}],"about":[{"href":"https:\/\/kivigrupp.ee\/en\/wp-json\/wp\/v2\/types\/page"}],"author":[{"embeddable":true,"href":"https:\/\/kivigrupp.ee\/en\/wp-json\/wp\/v2\/users\/1"}],"replies":[{"embeddable":true,"href":"https:\/\/kivigrupp.ee\/en\/wp-json\/wp\/v2\/comments?post=12"}],"version-history":[{"count":0,"href":"https:\/\/kivigrupp.ee\/en\/wp-json\/wp\/v2\/pages\/12\/revisions"}],"wp:attachment":[{"href":"https:\/\/kivigrupp.ee\/en\/wp-json\/wp\/v2\/media?parent=12"}],"curies":[{"name":"wp","href":"https:\/\/api.w.org\/{rel}","templated":true}]}}