{"id":433,"date":"2025-05-09T16:36:46","date_gmt":"2025-05-09T16:36:46","guid":{"rendered":"https:\/\/kivigrupp.ee\/?page_id=433"},"modified":"2025-06-09T11:57:15","modified_gmt":"2025-06-09T11:57:15","slug":"meist","status":"publish","type":"page","link":"https:\/\/kivigrupp.ee\/en\/meist\/","title":{"rendered":"About us"},"content":{"rendered":"<div data-elementor-type=\"wp-page\" data-elementor-id=\"433\" class=\"elementor elementor-433\" data-elementor-post-type=\"page\">\n\t\t\t\t<div class=\"elementor-element elementor-element-859a33e e-flex e-con-boxed e-con e-parent\" data-id=\"859a33e\" data-element_type=\"container\" data-settings=\"{&quot;background_background&quot;:&quot;classic&quot;}\">\n\t\t\t\t\t<div class=\"e-con-inner\">\n\t\t<div class=\"elementor-element elementor-element-0f9e0cd e-con-full e-flex e-con e-child\" data-id=\"0f9e0cd\" data-element_type=\"container\">\n\t\t<div class=\"elementor-element elementor-element-3a15816 e-con-full e-flex e-con e-child\" data-id=\"3a15816\" data-element_type=\"container\">\n\t\t\t\t<div class=\"elementor-element elementor-element-046b7a6 elementor-widget elementor-widget-heading\" data-id=\"046b7a6\" data-element_type=\"widget\" data-widget_type=\"heading.default\">\n\t\t\t\t<div class=\"elementor-widget-container\">\n\t\t\t\t\t<h1 class=\"elementor-heading-title elementor-size-default\">About us<\/h1>\t\t\t\t<\/div>\n\t\t\t\t<\/div>\n\t\t\t\t<\/div>\n\t\t\t\t<\/div>\n\t\t<div class=\"elementor-element elementor-element-13ea525 e-con-full e-flex e-con e-child\" data-id=\"13ea525\" data-element_type=\"container\">\n\t\t\t\t<\/div>\n\t\t\t\t\t<\/div>\n\t\t\t\t<\/div>\n\t\t<div class=\"elementor-element elementor-element-52d54a9 e-flex e-con-boxed e-con e-parent\" data-id=\"52d54a9\" data-element_type=\"container\" data-settings=\"{&quot;background_background&quot;:&quot;classic&quot;}\">\n\t\t\t\t\t<div class=\"e-con-inner\">\n\t\t<div class=\"elementor-element elementor-element-5a9f462 e-con-full e-flex e-con e-child\" data-id=\"5a9f462\" data-element_type=\"container\">\n\t\t\t\t<div class=\"elementor-element elementor-element-4262f29 elementor-widget elementor-widget-heading\" data-id=\"4262f29\" data-element_type=\"widget\" data-widget_type=\"heading.default\">\n\t\t\t\t<div class=\"elementor-widget-container\">\n\t\t\t\t\t<h2 class=\"elementor-heading-title elementor-size-default\">A solid partner in the Baltics<\/h2>\t\t\t\t<\/div>\n\t\t\t\t<\/div>\n\t\t\t\t<div class=\"elementor-element elementor-element-32683d5 elementor-widget elementor-widget-text-editor\" data-id=\"32683d5\" data-element_type=\"widget\" data-widget_type=\"text-editor.default\">\n\t\t\t\t<div class=\"elementor-widget-container\">\n\t\t\t\t\t\t\t\t\t<p>Kivi Grupp O\u00dc was established in 2004 in Tartu with the aim to bring top quality quarry equipment and technical solutions for processing of stones and minerals to the Estonian market.\u00a0<\/p><p>What started as a small business has now grown into a Baltic-wide partner.\u00a0\u00a0<\/p><p>Already in 2013, we completed our first major project, installing a compact water treatment system in Tartu. Over the years, we have rapidly expanded our activities: in 2018, we completed a modern sand washing plant in Valmiera, Latvia.\u00a0<\/p><p>These milestones illustrate our continuous growth and commitment to providing our customers with increasingly comprehensive solutions.<\/p>\t\t\t\t\t\t\t\t<\/div>\n\t\t\t\t<\/div>\n\t\t<div class=\"elementor-element elementor-element-ad773e8 e-con-full e-flex e-con e-child\" data-id=\"ad773e8\" data-element_type=\"container\">\n\t\t\t\t<div class=\"elementor-element elementor-element-0644813 nupporanz elementor-widget elementor-widget-button\" data-id=\"0644813\" data-element_type=\"widget\" data-widget_type=\"button.default\">\n\t\t\t\t<div class=\"elementor-widget-container\">\n\t\t\t\t\t\t\t\t\t<div class=\"elementor-button-wrapper\">\n\t\t\t\t\t<a class=\"elementor-button elementor-button-link elementor-size-sm\" href=\"http:\/\/kontakt\">\n\t\t\t\t\t\t<span class=\"elementor-button-content-wrapper\">\n\t\t\t\t\t\t\t\t\t<span class=\"elementor-button-text\">Contact us<\/span>\n\t\t\t\t\t<\/span>\n\t\t\t\t\t<\/a>\n\t\t\t\t<\/div>\n\t\t\t\t\t\t\t\t<\/div>\n\t\t\t\t<\/div>\n\t\t\t\t<\/div>\n\t\t\t\t<\/div>\n\t\t<div class=\"elementor-element elementor-element-2042bb1 e-con-full e-flex e-con e-child\" data-id=\"2042bb1\" data-element_type=\"container\">\n\t\t\t\t<div class=\"elementor-element elementor-element-735ab5c elementor-widget elementor-widget-image\" data-id=\"735ab5c\" data-element_type=\"widget\" data-widget_type=\"image.default\">\n\t\t\t\t<div class=\"elementor-widget-container\">\n\t\t\t\t\t\t\t\t\t\t\t\t\t\t\t<img fetchpriority=\"high\" decoding=\"async\" width=\"800\" height=\"450\" src=\"https:\/\/kivigrupp.ee\/wp-content\/uploads\/2025\/04\/Aggregate-sand-washing-plant-150tph_1-Harku-Karjaar-1024x576.png\" class=\"attachment-large size-large wp-image-418\" alt=\"Liiva ja killustiku pesus\u00fcsteemid\" srcset=\"https:\/\/kivigrupp.ee\/wp-content\/uploads\/2025\/04\/Aggregate-sand-washing-plant-150tph_1-Harku-Karjaar-1024x576.png 1024w, https:\/\/kivigrupp.ee\/wp-content\/uploads\/2025\/04\/Aggregate-sand-washing-plant-150tph_1-Harku-Karjaar-300x169.png 300w, https:\/\/kivigrupp.ee\/wp-content\/uploads\/2025\/04\/Aggregate-sand-washing-plant-150tph_1-Harku-Karjaar-768x432.png 768w, https:\/\/kivigrupp.ee\/wp-content\/uploads\/2025\/04\/Aggregate-sand-washing-plant-150tph_1-Harku-Karjaar-1536x864.png 1536w, https:\/\/kivigrupp.ee\/wp-content\/uploads\/2025\/04\/Aggregate-sand-washing-plant-150tph_1-Harku-Karjaar.png 1920w\" sizes=\"(max-width: 800px) 100vw, 800px\" \/>\t\t\t\t\t\t\t\t\t\t\t\t\t\t\t<\/div>\n\t\t\t\t<\/div>\n\t\t\t\t<\/div>\n\t\t\t\t\t<\/div>\n\t\t\t\t<\/div>\n\t\t<div class=\"elementor-element elementor-element-bbaf883 e-flex e-con-boxed e-con e-parent\" data-id=\"bbaf883\" data-element_type=\"container\" data-settings=\"{&quot;background_background&quot;:&quot;classic&quot;}\">\n\t\t\t\t\t<div class=\"e-con-inner\">\n\t\t<div class=\"elementor-element elementor-element-0cd2791 e-con-full e-flex e-con e-child\" data-id=\"0cd2791\" data-element_type=\"container\" data-settings=\"{&quot;background_background&quot;:&quot;classic&quot;}\">\n\t\t\t\t<div class=\"elementor-element elementor-element-754e42a elementor-widget elementor-widget-heading\" data-id=\"754e42a\" data-element_type=\"widget\" data-widget_type=\"heading.default\">\n\t\t\t\t<div class=\"elementor-widget-container\">\n\t\t\t\t\t<h2 class=\"elementor-heading-title elementor-size-default\">Mission<\/h2>\t\t\t\t<\/div>\n\t\t\t\t<\/div>\n\t\t\t\t<div class=\"elementor-element elementor-element-dcfa8d8 elementor-widget elementor-widget-text-editor\" data-id=\"dcfa8d8\" data-element_type=\"widget\" data-widget_type=\"text-editor.default\">\n\t\t\t\t<div class=\"elementor-widget-container\">\n\t\t\t\t\t\t\t\t\t<p>To help industrial companies achieve greater efficiency and reliability in production by providing complete, well thought-out, long-lasting and quality-based engineering solutions from equipment selection to installation and maintenance.<\/p>\t\t\t\t\t\t\t\t<\/div>\n\t\t\t\t<\/div>\n\t\t\t\t<\/div>\n\t\t<div class=\"elementor-element elementor-element-8760770 e-con-full e-flex e-con e-child\" data-id=\"8760770\" data-element_type=\"container\" data-settings=\"{&quot;background_background&quot;:&quot;classic&quot;}\">\n\t\t\t\t<div class=\"elementor-element elementor-element-6f9149b elementor-widget elementor-widget-heading\" data-id=\"6f9149b\" data-element_type=\"widget\" data-widget_type=\"heading.default\">\n\t\t\t\t<div class=\"elementor-widget-container\">\n\t\t\t\t\t<h2 class=\"elementor-heading-title elementor-size-default\">Vision<\/h2>\t\t\t\t<\/div>\n\t\t\t\t<\/div>\n\t\t\t\t<div class=\"elementor-element elementor-element-3995208 elementor-widget elementor-widget-text-editor\" data-id=\"3995208\" data-element_type=\"widget\" data-widget_type=\"text-editor.default\">\n\t\t\t\t<div class=\"elementor-widget-container\">\n\t\t\t\t\t\t\t\t\t<p>To continue to be a recognised industrial partner throughout the Baltics, trusted to solve complex manufacturing problems thanks to technical expertise, a flexible approach and consistent quality.<\/p>\t\t\t\t\t\t\t\t<\/div>\n\t\t\t\t<\/div>\n\t\t\t\t<\/div>\n\t\t<div class=\"elementor-element elementor-element-7e23af3 e-con-full e-flex e-con e-child\" data-id=\"7e23af3\" data-element_type=\"container\" data-settings=\"{&quot;background_background&quot;:&quot;classic&quot;}\">\n\t\t\t\t<div class=\"elementor-element elementor-element-a87ea16 elementor-widget elementor-widget-heading\" data-id=\"a87ea16\" data-element_type=\"widget\" data-widget_type=\"heading.default\">\n\t\t\t\t<div class=\"elementor-widget-container\">\n\t\t\t\t\t<h2 class=\"elementor-heading-title elementor-size-default\">Core values<\/h2>\t\t\t\t<\/div>\n\t\t\t\t<\/div>\n\t\t\t\t<div class=\"elementor-element elementor-element-6181eb6 elementor-widget elementor-widget-text-editor\" data-id=\"6181eb6\" data-element_type=\"widget\" data-widget_type=\"text-editor.default\">\n\t\t\t\t<div class=\"elementor-widget-container\">\n\t\t\t\t\t\t\t\t\t<p>Reliability, quality, professionalism and customer focus are our core values. We apply these principles to every project and decision to ensure a sustainable result and customer satisfaction.<\/p>\t\t\t\t\t\t\t\t<\/div>\n\t\t\t\t<\/div>\n\t\t\t\t<\/div>\n\t\t\t\t\t<\/div>\n\t\t\t\t<\/div>\n\t\t<div class=\"elementor-element elementor-element-797aa25 e-flex e-con-boxed e-con e-parent\" data-id=\"797aa25\" data-element_type=\"container\" data-settings=\"{&quot;background_background&quot;:&quot;classic&quot;}\">\n\t\t\t\t\t<div class=\"e-con-inner\">\n\t\t<div class=\"elementor-element elementor-element-8a08558 e-con-full e-flex e-con e-child\" data-id=\"8a08558\" data-element_type=\"container\">\n\t\t\t\t<div class=\"elementor-element elementor-element-5681a54 elementor-widget elementor-widget-heading\" data-id=\"5681a54\" data-element_type=\"widget\" data-widget_type=\"heading.default\">\n\t\t\t\t<div class=\"elementor-widget-container\">\n\t\t\t\t\t<h2 class=\"elementor-heading-title elementor-size-default\">What makes us special?<\/h2>\t\t\t\t<\/div>\n\t\t\t\t<\/div>\n\t\t<div class=\"elementor-element elementor-element-a6698ef e-con-full e-grid e-con e-child\" data-id=\"a6698ef\" data-element_type=\"container\">\n\t\t<div class=\"elementor-element elementor-element-ca57d2e e-con-full e-flex e-con e-child\" data-id=\"ca57d2e\" data-element_type=\"container\" data-settings=\"{&quot;background_background&quot;:&quot;classic&quot;}\">\n\t\t\t\t<div class=\"elementor-element elementor-element-588b871 elementor-widget elementor-widget-heading\" data-id=\"588b871\" data-element_type=\"widget\" data-widget_type=\"heading.default\">\n\t\t\t\t<div class=\"elementor-widget-container\">\n\t\t\t\t\t<h2 class=\"elementor-heading-title elementor-size-default\">Broad experience and competence.<\/h2>\t\t\t\t<\/div>\n\t\t\t\t<\/div>\n\t\t\t\t<div class=\"elementor-element elementor-element-8bfb70a elementor-widget elementor-widget-text-editor\" data-id=\"8bfb70a\" data-element_type=\"widget\" data-widget_type=\"text-editor.default\">\n\t\t\t\t<div class=\"elementor-widget-container\">\n\t\t\t\t\t\t\t\t\t<p>Over 22 years in the industry have given us extensive knowledge and practical experience.\u00a0<\/p><p>We've seen and solved a wide range of challenges - so we can anticipate potential bottlenecks and come up with workable solutions first time. The professionalism of our team ensures that clients receive advice and assistance at every stage.<\/p>\t\t\t\t\t\t\t\t<\/div>\n\t\t\t\t<\/div>\n\t\t\t\t<\/div>\n\t\t<div class=\"elementor-element elementor-element-5d2f4e9 e-con-full e-flex e-con e-child\" data-id=\"5d2f4e9\" data-element_type=\"container\" data-settings=\"{&quot;background_background&quot;:&quot;classic&quot;}\">\n\t\t\t\t<div class=\"elementor-element elementor-element-ce878de elementor-widget elementor-widget-heading\" data-id=\"ce878de\" data-element_type=\"widget\" data-widget_type=\"heading.default\">\n\t\t\t\t<div class=\"elementor-widget-container\">\n\t\t\t\t\t<h2 class=\"elementor-heading-title elementor-size-default\">One-stop solutions.<\/h2>\t\t\t\t<\/div>\n\t\t\t\t<\/div>\n\t\t\t\t<div class=\"elementor-element elementor-element-c86b2ab elementor-widget elementor-widget-text-editor\" data-id=\"c86b2ab\" data-element_type=\"widget\" data-widget_type=\"text-editor.default\">\n\t\t\t\t<div class=\"elementor-widget-container\">\n\t\t\t\t\t\t\t\t\t<p>Kivi Group offers customers a complete solution. So you get everything you need in one place. We design the complete solution, supply the necessary equipment and take care of installation and after-sales service.\u00a0<\/p><p>Life is easier when you have one reliable partner who is responsible for the whole system.<\/p>\t\t\t\t\t\t\t\t<\/div>\n\t\t\t\t<\/div>\n\t\t\t\t<\/div>\n\t\t<div class=\"elementor-element elementor-element-03a3798 e-con-full e-flex e-con e-child\" data-id=\"03a3798\" data-element_type=\"container\" data-settings=\"{&quot;background_background&quot;:&quot;classic&quot;}\">\n\t\t\t\t<div class=\"elementor-element elementor-element-d8cc4da elementor-widget elementor-widget-heading\" data-id=\"d8cc4da\" data-element_type=\"widget\" data-widget_type=\"heading.default\">\n\t\t\t\t<div class=\"elementor-widget-container\">\n\t\t\t\t\t<h2 class=\"elementor-heading-title elementor-size-default\">World-class partners and quality products.<\/h2>\t\t\t\t<\/div>\n\t\t\t\t<\/div>\n\t\t\t\t<div class=\"elementor-element elementor-element-b00ffad elementor-widget elementor-widget-text-editor\" data-id=\"b00ffad\" data-element_type=\"widget\" data-widget_type=\"text-editor.default\">\n\t\t\t\t<div class=\"elementor-widget-container\">\n\t\t\t\t\t\t\t\t\t<p>We work with internationally renowned manufacturers such as Weir Minerals, KVM, Fraccaroli &amp; Balzan, Strommashina and others. We are their official representative in Estonia (and in many cases throughout the Baltic States), which ensures that only high quality and durable equipment reaches our customers through us.<\/p><p>Close cooperation with manufacturers also ensures rapid availability of spare parts and specialist support.<\/p>\t\t\t\t\t\t\t\t<\/div>\n\t\t\t\t<\/div>\n\t\t\t\t<\/div>\n\t\t<div class=\"elementor-element elementor-element-90db8d1 e-con-full e-flex e-con e-child\" data-id=\"90db8d1\" data-element_type=\"container\" data-settings=\"{&quot;background_background&quot;:&quot;classic&quot;}\">\n\t\t\t\t<div class=\"elementor-element elementor-element-c6a165f elementor-widget elementor-widget-heading\" data-id=\"c6a165f\" data-element_type=\"widget\" data-widget_type=\"heading.default\">\n\t\t\t\t<div class=\"elementor-widget-container\">\n\t\t\t\t\t<h2 class=\"elementor-heading-title elementor-size-default\">Client-centred approach and support.<\/h2>\t\t\t\t<\/div>\n\t\t\t\t<\/div>\n\t\t\t\t<div class=\"elementor-element elementor-element-69f0d87 elementor-widget elementor-widget-text-editor\" data-id=\"69f0d87\" data-element_type=\"widget\" data-widget_type=\"text-editor.default\">\n\t\t\t\t<div class=\"elementor-widget-container\">\n\t\t\t\t\t\t\t\t\t<p>Every client and project is unique to us. We don't just offer a 'out of the box' solution, we get to know the client's goals and requirements.\u00a0<\/p><p>We start by mapping your needs and offering a consultation to find the best solution for your specific situation. After the equipment has been delivered and installed, we provide comprehensive training and after-sales service.<\/p>\t\t\t\t\t\t\t\t<\/div>\n\t\t\t\t<\/div>\n\t\t\t\t<\/div>\n\t\t\t\t<\/div>\n\t\t\t\t<\/div>\n\t\t\t\t\t<\/div>\n\t\t\t\t<\/div>\n\t\t\t\t<\/div>","protected":false},"excerpt":{"rendered":"<p>A solid partner covering the Baltics Kivi Grupp O\u00dc was established in 2004 in Tartu with the aim to bring state-of-the-art quarry equipment and technical solutions for stone and mineral processing to the Estonian market.  From a small company we have grown into a Baltic-wide partner.   Already in 2013 we completed our first major project, installing a compact water treatment system in Tartu. Over the years, we have rapidly expanded our activities: in 2018, we [...]<\/p>","protected":false},"author":1,"featured_media":0,"parent":0,"menu_order":0,"comment_status":"closed","ping_status":"closed","template":"","meta":{"_acf_changed":false,"footnotes":""},"class_list":["post-433","page","type-page","status-publish","hentry"],"acf":[],"yoast_head":"<!-- This site is optimized with the Yoast SEO plugin v25.5 - https:\/\/yoast.com\/wordpress\/plugins\/seo\/ -->\n<title>Meist l\u00e4hemalt | Kivi Grupp<\/title>\n<meta name=\"description\" content=\"Kivi Grupp O\u00dc on asutatud 2004. aastal Tartus eesm\u00e4rgiga tuua Eesti turule tipptasemel karj\u00e4\u00e4riseadmeid ja tehnilisi lahendusi.\" \/>\n<meta name=\"robots\" content=\"index, follow, max-snippet:-1, max-image-preview:large, max-video-preview:-1\" \/>\n<link rel=\"canonical\" href=\"https:\/\/kivigrupp.ee\/en\/meist\/\" \/>\n<meta property=\"og:locale\" content=\"en_GB\" \/>\n<meta property=\"og:type\" content=\"article\" \/>\n<meta property=\"og:title\" content=\"Meist l\u00e4hemalt | Kivi Grupp\" \/>\n<meta property=\"og:description\" content=\"Kivi Grupp O\u00dc on asutatud 2004. aastal Tartus eesm\u00e4rgiga tuua Eesti turule tipptasemel karj\u00e4\u00e4riseadmeid ja tehnilisi lahendusi.\" \/>\n<meta property=\"og:url\" content=\"https:\/\/kivigrupp.ee\/en\/meist\/\" \/>\n<meta property=\"og:site_name\" content=\"Kivi Grupp\" \/>\n<meta property=\"article:modified_time\" content=\"2025-06-09T11:57:15+00:00\" \/>\n<meta property=\"og:image\" content=\"https:\/\/kivigrupp.ee\/wp-content\/uploads\/2025\/04\/Aggregate-sand-washing-plant-150tph_1-Harku-Karjaar-1024x576.png\" \/>\n<meta name=\"twitter:card\" content=\"summary_large_image\" \/>\n<meta name=\"twitter:label1\" content=\"Estimated reading time\" \/>\n\t<meta name=\"twitter:data1\" content=\"3 minutes\" \/>\n<script type=\"application\/ld+json\" class=\"yoast-schema-graph\">{\"@context\":\"https:\/\/schema.org\",\"@graph\":[{\"@type\":\"WebPage\",\"@id\":\"https:\/\/kivigrupp.ee\/en\/meist\/\",\"url\":\"https:\/\/kivigrupp.ee\/en\/meist\/\",\"name\":\"Meist l\u00e4hemalt | Kivi Grupp\",\"isPartOf\":{\"@id\":\"https:\/\/kivigrupp.ee\/#website\"},\"primaryImageOfPage\":{\"@id\":\"https:\/\/kivigrupp.ee\/en\/meist\/#primaryimage\"},\"image\":{\"@id\":\"https:\/\/kivigrupp.ee\/en\/meist\/#primaryimage\"},\"thumbnailUrl\":\"https:\/\/kivigrupp.ee\/wp-content\/uploads\/2025\/04\/Aggregate-sand-washing-plant-150tph_1-Harku-Karjaar-1024x576.png\",\"datePublished\":\"2025-05-09T16:36:46+00:00\",\"dateModified\":\"2025-06-09T11:57:15+00:00\",\"description\":\"Kivi Grupp O\u00dc on asutatud 2004. aastal Tartus eesm\u00e4rgiga tuua Eesti turule tipptasemel karj\u00e4\u00e4riseadmeid ja tehnilisi lahendusi.\",\"breadcrumb\":{\"@id\":\"https:\/\/kivigrupp.ee\/en\/meist\/#breadcrumb\"},\"inLanguage\":\"en-GB\",\"potentialAction\":[{\"@type\":\"ReadAction\",\"target\":[\"https:\/\/kivigrupp.ee\/en\/meist\/\"]}]},{\"@type\":\"ImageObject\",\"inLanguage\":\"en-GB\",\"@id\":\"https:\/\/kivigrupp.ee\/en\/meist\/#primaryimage\",\"url\":\"https:\/\/kivigrupp.ee\/wp-content\/uploads\/2025\/04\/Aggregate-sand-washing-plant-150tph_1-Harku-Karjaar-1024x576.png\",\"contentUrl\":\"https:\/\/kivigrupp.ee\/wp-content\/uploads\/2025\/04\/Aggregate-sand-washing-plant-150tph_1-Harku-Karjaar-1024x576.png\"},{\"@type\":\"BreadcrumbList\",\"@id\":\"https:\/\/kivigrupp.ee\/en\/meist\/#breadcrumb\",\"itemListElement\":[{\"@type\":\"ListItem\",\"position\":1,\"name\":\"Home\",\"item\":\"https:\/\/www.kivigrupp.ee\/\"},{\"@type\":\"ListItem\",\"position\":2,\"name\":\"Meist\"}]},{\"@type\":\"WebSite\",\"@id\":\"https:\/\/kivigrupp.ee\/#website\",\"url\":\"https:\/\/kivigrupp.ee\/\",\"name\":\"Kivi Grupp\",\"description\":\"T&ouml;&ouml;stuslike seadmete terviklahendused\",\"publisher\":{\"@id\":\"https:\/\/kivigrupp.ee\/#organization\"},\"potentialAction\":[{\"@type\":\"SearchAction\",\"target\":{\"@type\":\"EntryPoint\",\"urlTemplate\":\"https:\/\/kivigrupp.ee\/?s={search_term_string}\"},\"query-input\":{\"@type\":\"PropertyValueSpecification\",\"valueRequired\":true,\"valueName\":\"search_term_string\"}}],\"inLanguage\":\"en-GB\"},{\"@type\":\"Organization\",\"@id\":\"https:\/\/kivigrupp.ee\/#organization\",\"name\":\"Kivi Grupp\",\"url\":\"https:\/\/kivigrupp.ee\/\",\"logo\":{\"@type\":\"ImageObject\",\"inLanguage\":\"en-GB\",\"@id\":\"https:\/\/kivigrupp.ee\/#\/schema\/logo\/image\/\",\"url\":\"https:\/\/kivigrupp.ee\/wp-content\/uploads\/2025\/05\/cropped-kivigruppicon.webp\",\"contentUrl\":\"https:\/\/kivigrupp.ee\/wp-content\/uploads\/2025\/05\/cropped-kivigruppicon.webp\",\"width\":512,\"height\":512,\"caption\":\"Kivi Grupp\"},\"image\":{\"@id\":\"https:\/\/kivigrupp.ee\/#\/schema\/logo\/image\/\"}}]}<\/script>\n<!-- \/ Yoast SEO plugin. -->","yoast_head_json":{"title":"About us | Kivi Grupp","description":"Kivi Grupp O\u00dc was established in 2004 in Tartu with the aim to bring top quality quarry equipment and technical solutions to the Estonian market.","robots":{"index":"index","follow":"follow","max-snippet":"max-snippet:-1","max-image-preview":"max-image-preview:large","max-video-preview":"max-video-preview:-1"},"canonical":"https:\/\/kivigrupp.ee\/en\/meist\/","og_locale":"en_GB","og_type":"article","og_title":"Meist l\u00e4hemalt | Kivi Grupp","og_description":"Kivi Grupp O\u00dc on asutatud 2004. aastal Tartus eesm\u00e4rgiga tuua Eesti turule tipptasemel karj\u00e4\u00e4riseadmeid ja tehnilisi lahendusi.","og_url":"https:\/\/kivigrupp.ee\/en\/meist\/","og_site_name":"Kivi Grupp","article_modified_time":"2025-06-09T11:57:15+00:00","og_image":[{"url":"https:\/\/kivigrupp.ee\/wp-content\/uploads\/2025\/04\/Aggregate-sand-washing-plant-150tph_1-Harku-Karjaar-1024x576.png","type":"","width":"","height":""}],"twitter_card":"summary_large_image","twitter_misc":{"Estimated reading time":"3 minutes"},"schema":{"@context":"https:\/\/schema.org","@graph":[{"@type":"WebPage","@id":"https:\/\/kivigrupp.ee\/en\/meist\/","url":"https:\/\/kivigrupp.ee\/en\/meist\/","name":"About us | Kivi Grupp","isPartOf":{"@id":"https:\/\/kivigrupp.ee\/#website"},"primaryImageOfPage":{"@id":"https:\/\/kivigrupp.ee\/en\/meist\/#primaryimage"},"image":{"@id":"https:\/\/kivigrupp.ee\/en\/meist\/#primaryimage"},"thumbnailUrl":"https:\/\/kivigrupp.ee\/wp-content\/uploads\/2025\/04\/Aggregate-sand-washing-plant-150tph_1-Harku-Karjaar-1024x576.png","datePublished":"2025-05-09T16:36:46+00:00","dateModified":"2025-06-09T11:57:15+00:00","description":"Kivi Grupp O\u00dc was established in 2004 in Tartu with the aim to bring top quality quarry equipment and technical solutions to the Estonian market.","breadcrumb":{"@id":"https:\/\/kivigrupp.ee\/en\/meist\/#breadcrumb"},"inLanguage":"en-GB","potentialAction":[{"@type":"ReadAction","target":["https:\/\/kivigrupp.ee\/en\/meist\/"]}]},{"@type":"ImageObject","inLanguage":"en-GB","@id":"https:\/\/kivigrupp.ee\/en\/meist\/#primaryimage","url":"https:\/\/kivigrupp.ee\/wp-content\/uploads\/2025\/04\/Aggregate-sand-washing-plant-150tph_1-Harku-Karjaar-1024x576.png","contentUrl":"https:\/\/kivigrupp.ee\/wp-content\/uploads\/2025\/04\/Aggregate-sand-washing-plant-150tph_1-Harku-Karjaar-1024x576.png"},{"@type":"BreadcrumbList","@id":"https:\/\/kivigrupp.ee\/en\/meist\/#breadcrumb","itemListElement":[{"@type":"ListItem","position":1,"name":"Home","item":"https:\/\/www.kivigrupp.ee\/"},{"@type":"ListItem","position":2,"name":"Meist"}]},{"@type":"WebSite","@id":"https:\/\/kivigrupp.ee\/#website","url":"https:\/\/kivigrupp.ee\/","name":"Kivi Group","description":"Complete solutions for industrial equipment","publisher":{"@id":"https:\/\/kivigrupp.ee\/#organization"},"potentialAction":[{"@type":"SearchAction","target":{"@type":"EntryPoint","urlTemplate":"https:\/\/kivigrupp.ee\/?s={search_term_string}"},"query-input":{"@type":"PropertyValueSpecification","valueRequired":true,"valueName":"search_term_string"}}],"inLanguage":"en-GB"},{"@type":"Organization","@id":"https:\/\/kivigrupp.ee\/#organization","name":"Kivi Group","url":"https:\/\/kivigrupp.ee\/","logo":{"@type":"ImageObject","inLanguage":"en-GB","@id":"https:\/\/kivigrupp.ee\/#\/schema\/logo\/image\/","url":"https:\/\/kivigrupp.ee\/wp-content\/uploads\/2025\/05\/cropped-kivigruppicon.webp","contentUrl":"https:\/\/kivigrupp.ee\/wp-content\/uploads\/2025\/05\/cropped-kivigruppicon.webp","width":512,"height":512,"caption":"Kivi Grupp"},"image":{"@id":"https:\/\/kivigrupp.ee\/#\/schema\/logo\/image\/"}}]}},"_links":{"self":[{"href":"https:\/\/kivigrupp.ee\/en\/wp-json\/wp\/v2\/pages\/433","targetHints":{"allow":["GET"]}}],"collection":[{"href":"https:\/\/kivigrupp.ee\/en\/wp-json\/wp\/v2\/pages"}],"about":[{"href":"https:\/\/kivigrupp.ee\/en\/wp-json\/wp\/v2\/types\/page"}],"author":[{"embeddable":true,"href":"https:\/\/kivigrupp.ee\/en\/wp-json\/wp\/v2\/users\/1"}],"replies":[{"embeddable":true,"href":"https:\/\/kivigrupp.ee\/en\/wp-json\/wp\/v2\/comments?post=433"}],"version-history":[{"count":0,"href":"https:\/\/kivigrupp.ee\/en\/wp-json\/wp\/v2\/pages\/433\/revisions"}],"wp:attachment":[{"href":"https:\/\/kivigrupp.ee\/en\/wp-json\/wp\/v2\/media?parent=433"}],"curies":[{"name":"wp","href":"https:\/\/api.w.org\/{rel}","templated":true}]}}